{"id":236,"date":"2013-07-09T12:41:08","date_gmt":"2013-07-09T12:41:08","guid":{"rendered":"http:\/\/www.campingfontanelle.net\/home-2\/"},"modified":"2015-01-09T12:19:56","modified_gmt":"2015-01-09T11:19:56","slug":"home","status":"publish","type":"page","link":"http:\/\/www.campingfontanelle.net\/fr\/","title":{"rendered":"Bienvenue au Camping Fontanelle Riccione, camping sur la mer"},"content":{"rendered":"<p>Depuis 1984, le premier de la rivi\u00e8re Adriatique, situ\u00e9 directement sur le front de mer au sud de Riccione sur un terrain verdoyant , le camping Fontanelle vous offre la tranquillit\u00e9 qui vous est due. Le camping est \u00e0 1 km du centre ville , \u00e0 500 m\u00e8tres de l\u2019\u00e9tablissement thermal et \u00e0 2 km de Misano World circuit. Construit selon les crit\u00e8res les plus fonctionnels, le camping arbor\u00e9 couvre une superficie de 60.000 m2 .<\/p>\n<p>Le camping Fontanelle est dot\u00e9 de toutes les infrastructures vous garantissant le bien \u00eatre durant votre s\u00e9jour : market , restaurant, pizzeria ( sur place ou \u00e0 emporter ) bar, bazar, aire de jeux pour enfants, tabacs, t\u00e9l\u00e9phones, journaux, lave linge automatique, s\u00e8che linge,salle de repassage et Bancomat. Le camping dispose de W.C traditionnels ou \u00e0 la turque, annuellement remis en \u00e9tat, et d\u2019une nurserie. Le nettoyage est effectu\u00e9 plusieurs fois par jour pour garantir une hygi\u00e8ne correcte.<\/p>\n\n<p>Le camping est dot\u00e9 de toilettes pour personnes handicap\u00e9es,et d\u2019un moderne et automatique Camper service \u00e0 2 laces, eau chaude gratuite, lavoirs pour la vaisselle et le linge. Le camping Fontanelle est dot\u00e9 d\u2019une efficace installation \u00e9lectrique, avec prises CEE et disjoncteurs , chaque prise offre de 6A. Dans le camping,le signal WiFi et Internet-Point est disponible. Un service de s\u00e9curit\u00e9 de jour et de nuit veille au bon d\u00e9roulement de vos vacances.<\/p>\n<p>Les apr\u00e8s midi un baby club est programm\u00e9. Pour les adultes des soir\u00e9es folkloriques sont organis\u00e9es sur la place commerciale. Cette ann\u00e9e sera disponible un terrain r\u00e8glementaire de beach volley \/ tennis. La place de camping est attribu\u00e9e en fonction des caract\u00e9ristique du client : nous cherchons \u00e0 s\u00e9parer les familles des clients plus jeunes. Nous disposons de places r\u00e9serv\u00e9es au tentes, autres places pour les campers Et des places pour les s\u00e9dentaires, avec possibilit\u00e9 de fournir l\u2019eau et l\u2019\u00e9vacuation des eaux us\u00e9es.<\/p>\n<p>Du front de mer vous arrivez \u00e0 la plage en empruntant un passage souterrain . La plage peut \u00eatre priv\u00e9e \u00e0 paiement ou libre \u00e0 seulement 50 m. Sur la plage diverses activit\u00e9s et jeux vous seront propos\u00e9s. A partir du camping Fontanelle vous pouvez vous rendre en bus, \u00e0 la gare de Riccione ou dans les principaux point d\u2019int\u00e9r\u00eat de la cote Romagnola. A l\u2019accueil vous pouvez obtenir des billets \u00e0 prix r\u00e9duits pour les diff\u00e9rents parcs d\u2019attractions et discoth\u00e8ques ( Aquafan, Oltremare,Imax, Fiabilandia, Italia in miniatura, Mirabilandia, Indiana Golf , etc)<\/p>\n","protected":false},"excerpt":{"rendered":"<p>Depuis 1984, le premier de la rivi\u00e8re Adriatique, situ\u00e9 directement sur le front de mer au sud de Riccione sur un terrain verdoyant , le camping Fontanelle vous offre la tranquillit\u00e9 qui vous est due. Le camping est \u00e0 1 km du centre ville , \u00e0 500 m\u00e8tres de l\u2019\u00e9tablissement thermal et \u00e0 2 km [&hellip;]<\/p>\n","protected":false},"author":4,"featured_media":0,"parent":0,"menu_order":3,"comment_status":"closed","ping_status":"closed","template":"","meta":{"_acf_changed":false},"class_list":["post-236","page","type-page","status-publish","hentry"],"acf":[],"aioseo_notices":[],"_links":{"self":[{"href":"http:\/\/www.campingfontanelle.net\/fr\/wp-json\/wp\/v2\/pages\/236","targetHints":{"allow":["GET"]}}],"collection":[{"href":"http:\/\/www.campingfontanelle.net\/fr\/wp-json\/wp\/v2\/pages"}],"about":[{"href":"http:\/\/www.campingfontanelle.net\/fr\/wp-json\/wp\/v2\/types\/page"}],"author":[{"embeddable":true,"href":"http:\/\/www.campingfontanelle.net\/fr\/wp-json\/wp\/v2\/users\/4"}],"replies":[{"embeddable":true,"href":"http:\/\/www.campingfontanelle.net\/fr\/wp-json\/wp\/v2\/comments?post=236"}],"version-history":[{"count":0,"href":"http:\/\/www.campingfontanelle.net\/fr\/wp-json\/wp\/v2\/pages\/236\/revisions"}],"wp:attachment":[{"href":"http:\/\/www.campingfontanelle.net\/fr\/wp-json\/wp\/v2\/media?parent=236"}],"curies":[{"name":"wp","href":"https:\/\/api.w.org\/{rel}","templated":true}]}}