{"id":237,"date":"2013-07-09T12:41:08","date_gmt":"2013-07-09T12:41:08","guid":{"rendered":"http:\/\/www.campingfontanelle.net\/home-2\/"},"modified":"2015-01-09T12:21:51","modified_gmt":"2015-01-09T11:21:51","slug":"home","status":"publish","type":"page","link":"http:\/\/www.campingfontanelle.net\/de\/","title":{"rendered":"Herzlich Willkommen Sie auf Camping Fontanelle Riccione, camping am Meer"},"content":{"rendered":"<p>Seit 1954 ist Fontanelle der erste Camping an der Adria. Er ist direkt an der s\u00fcdlichen Meerpromenade von Riccione gelegen und umgeben von Gr\u00fcnpflanzen und dem Meer, in einer ruhigen Lage. Der Camping Fontanelle ist vom Zentrum Riccione 1 km und ca. 500 m von den Thermalb\u00e4dern, sowie 2 km von Misano World Circuit entfernt. Er wurde mit \u00e4usserst funktionellen Kriterien erbaut und dehnt sich \u00fcber ein Gebiet von 60\u2019000 m2 Grasland und unter B\u00e4umen aus.<\/p>\n<p>Er verf\u00fcgt \u00fcber alle Einrichtungen, die zu Ihrem Wohlbefinden w\u00e4hrend Ihres Aufenthaltes beitragen: Bar, Bazar, Kinderspielplatz, Tabakgesch\u00e4ft, Telefonkabinen, Zeitungskiosk, Waschmaschinenautomate, Tumbler, Gl\u00e4tterei und Bankomat.Er ist ausger\u00fcstet mit hygienischen Toiletten (auf Wunsch mit Sch\u00fcssel oder t\u00fcrki- scher Art), die allj\u00e4hrlich wieder neu erstellt werden, einem Babyraum, der regel- m\u00e4ssig gereinigt wird, und somit eine korrekte Hygiene garantiert. Zudem gibt es B\u00e4der f\u00fcr unterschiedlich Behinderte, Leerungsstellen f\u00fcr Chemikalien und einen \u00e4usserst modernen und automatischen Camper Service zu zwei Pl\u00e4tzen; gratis Warmwasser, sowie Waschbecken f\u00fcr Geschirr und W\u00e4sche.<\/p>\n\n<p>Der Zeltplatz Fontanelle verf\u00fcgt \u00fcber eine starke Elektroanlage, mit CEI B\u00fcchsen und mit Sch\u00fctzen (Hauptsicherungen) f\u00fcr jeden Gebrauch. Die Stromlieferung geht von einem Minimum von 6A. Wifi und Internet-Point. Ein sorgf\u00e4ltiger Wachdienst, sei es tags\u00fcber oder nachts, gew\u00e4hrt Ihnen Sicherheit w\u00e4hrend Ihrer Ferien. Am Nachmittag gibt es ein Baby-Club Programm. F\u00fcr die Erwachsenen werden folkloristische Abende auf dem Hauptplatz organisiert. Ferner m\u00f6chten wir auf das neue Feld f\u00fcr Beach-Volley\/Tennis hinweisen und auf die Boccia-Bahn. Der einzelne Zelplatz wir den Charakteristiken der Kunden gem\u00e4ss zugeteilt Wir versuchen in der Tat Jugendliche und Familien zu trennen: Wir haben Pl\u00e4tze die sich speziell f\u00fcr Zelte eignen, andere f\u00fcr Camper und solche f\u00fcr Dauerg\u00e4ste mit der M\u00f6glichkeit von Wasserzulieferung und Wasserablauf.<\/p>\n<p>Die Meerpromenade \u00fcberquert man in der bequemen Unterf\u00fchrung, und kommt so direkt an den Strand; der private ist gegen Bezahlung, aber es gibt in einer Distanz von 50 m auch einen freien Strand.. Am Meer gibt es ein reiches Unterhaltungsprogramm: Sport- und Spiele verschiedenster Art, welche Ihre Tage mit Freude erf\u00fcllen. Der Camping Fontanelle verf\u00fcgt \u00fcber eine eigene Bushaltestelle und ist damit mit dem Bahnhof von Riccione und den wichtigsten Anziehungs- punkten der Romagna-K\u00fcste verbunden. In der Direktion ist ein sorgf\u00e4ltiger Vorverkauf mit Verg\u00fcnstigungen f\u00fcr die bekanntesten Discotheken, und P\u00e4rke wie Acquafan, Oltremare, Imax, Fiabilandia , Italia in Miniatura, Mirabilandia und Indiana Golf, usw vorgesehen.<\/p>\n","protected":false},"excerpt":{"rendered":"<p>Seit 1954 ist Fontanelle der erste Camping an der Adria. Er ist direkt an der s\u00fcdlichen Meerpromenade von Riccione gelegen und umgeben von Gr\u00fcnpflanzen und dem Meer, in einer ruhigen Lage. Der Camping Fontanelle ist vom Zentrum Riccione 1 km und ca. 500 m von den Thermalb\u00e4dern, sowie 2 km von Misano World Circuit entfernt. [&hellip;]<\/p>\n","protected":false},"author":4,"featured_media":0,"parent":0,"menu_order":3,"comment_status":"closed","ping_status":"closed","template":"","meta":{"_acf_changed":false},"class_list":["post-237","page","type-page","status-publish","hentry"],"acf":[],"aioseo_notices":[],"_links":{"self":[{"href":"http:\/\/www.campingfontanelle.net\/de\/wp-json\/wp\/v2\/pages\/237","targetHints":{"allow":["GET"]}}],"collection":[{"href":"http:\/\/www.campingfontanelle.net\/de\/wp-json\/wp\/v2\/pages"}],"about":[{"href":"http:\/\/www.campingfontanelle.net\/de\/wp-json\/wp\/v2\/types\/page"}],"author":[{"embeddable":true,"href":"http:\/\/www.campingfontanelle.net\/de\/wp-json\/wp\/v2\/users\/4"}],"replies":[{"embeddable":true,"href":"http:\/\/www.campingfontanelle.net\/de\/wp-json\/wp\/v2\/comments?post=237"}],"version-history":[{"count":0,"href":"http:\/\/www.campingfontanelle.net\/de\/wp-json\/wp\/v2\/pages\/237\/revisions"}],"wp:attachment":[{"href":"http:\/\/www.campingfontanelle.net\/de\/wp-json\/wp\/v2\/media?parent=237"}],"curies":[{"name":"wp","href":"https:\/\/api.w.org\/{rel}","templated":true}]}}